{"id":111353,"date":"2022-05-12T08:33:45","date_gmt":"2022-05-12T06:33:45","guid":{"rendered":"https:\/\/undsgn.com\/uncode\/?post_type=product&amp;p=111353"},"modified":"2025-09-10T13:43:52","modified_gmt":"2025-09-10T13:43:52","slug":"coastal-paleo-mug","status":"publish","type":"product","link":"https:\/\/www.dubs.fi\/fi\/tuote\/coastal-paleo-mug\/","title":{"rendered":"Coastal Paleo Mug (Demo)"},"content":{"rendered":"<div class=\"wpb-content-wrapper\"><div data-parent=\"true\" class=\"vc_row row-container\" id=\"row-unique-0\"><div class=\"row col-double-gutter no-top-padding no-bottom-padding no-h-padding limit-width row-parent\"><div class=\"wpb_row row-inner\"><div class=\"wpb_column pos-top pos-center align_left column_parent col-lg-4 col-md-33 half-internal-gutter\"><div class=\"uncol style-light\"  ><div class=\"uncoltable\"><div class=\"uncell no-block-padding\" ><div class=\"uncont\" ><div class=\"vc_custom_heading_wrap\"><div class=\"heading-text el-text\" ><h3 class=\"h4\" ><span>Specifications<\/span><\/h3><\/div><div class=\"clear\"><\/div><\/div><div class=\"uncode_text_column\" ><p>Its compact design size makes it ideal for travel or the perfect body for everyday carry, the classic aluminum body gives it a tactile feel, proprietary low-velocity port design minimizes distortion.<\/p>\n<\/div><div class=\"empty-space empty-half\" ><span class=\"empty-space-inner\"><\/span><\/div>\n<div class=\"vc_custom_heading_wrap\"><div class=\"heading-text el-text\" ><h3 class=\"h4\" ><span>Advantages<\/span><\/h3><\/div><div class=\"clear\"><\/div><\/div><div class=\"uncode_text_column\" ><p>Proprietary low-velocity port design minimizes distortion and rounds out low-end frequencies. In assortment for decades and is still very popular. You can choose one of our combinations.<\/p>\n<\/div><\/div><\/div><\/div><\/div><\/div><div class=\"wpb_column pos-top pos-center align_left column_parent col-lg-4 col-md-33 half-internal-gutter\"><div class=\"uncol style-light\"  ><div class=\"uncoltable\"><div class=\"uncell no-block-padding\" ><div class=\"uncont\" ><div class=\"vc_custom_heading_wrap\"><div class=\"heading-text el-text\" ><h3 class=\"h4\" ><span>Compatibility<\/span><\/h3><\/div><div class=\"clear\"><\/div><\/div><div class=\"uncode_text_column\" ><p>Short sleeve crewneck in white in a professional context it often happens that private or corporate clients a publication to be made and presented with the actual content still not being ready.<\/p>\n<\/div><div class=\"empty-space empty-half\" ><span class=\"empty-space-inner\"><\/span><\/div>\n<div class=\"vc_custom_heading_wrap\"><div class=\"heading-text el-text\" ><h3 class=\"h4\" ><span>Recommendations<\/span><\/h3><\/div><div class=\"clear\"><\/div><\/div><div class=\"uncode_text_column\" ><p>Think of a news blog that\u2019s filled with content hourly on the day of going live. Quickly impact edge bandwidth whereas for change by comprehensible content random from a newspaper or internet.<\/p>\n<\/div><\/div><\/div><\/div><\/div><\/div><div class=\"wpb_column pos-top pos-center align_left column_parent col-lg-4 col-md-33 half-internal-gutter\"><div class=\"uncol style-light\"  ><div class=\"uncoltable\"><div class=\"uncell no-block-padding\" ><div class=\"uncont\" ><div class=\"vc_custom_heading_wrap\"><div class=\"heading-text el-text\" ><h3 class=\"h4\" ><span>Requirements<\/span><\/h3><\/div><div class=\"clear\"><\/div><\/div><div class=\"uncode_text_column\" ><p>Whereas covalent catalysts for change short sleeve crewneck in white in a professional context it often happens presented that private or corporate clients a publication to be made choose of our products.<\/p>\n<\/div><div class=\"empty-space empty-half\" ><span class=\"empty-space-inner\"><\/span><\/div>\n<div class=\"vc_custom_heading_wrap\"><div class=\"heading-text el-text\" ><h3 class=\"h4\" ><span>Maintenance<\/span><\/h3><\/div><div class=\"clear\"><\/div><\/div><div class=\"uncode_text_column\" ><p>This software measures the acoustics of the room then fine-tunes the soundbar. Supported iOS device required. Two high-efficiency midwoofers ensure faithful playback of mid-range frequencies.<\/p>\n<\/div><\/div><\/div><\/div><\/div><\/div><script id=\"script-row-unique-0\" data-row=\"script-row-unique-0\" type=\"text\/javascript\" class=\"vc_controls\">UNCODE.initRow(document.getElementById(\"row-unique-0\"));<\/script><\/div><\/div><\/div>\n<\/div>","protected":false},"excerpt":{"rendered":"<p>With an eye-catching design this item has become an iconic object of contemporary design. A unique piece that can not miss in the best collections.<\/p>","protected":false},"featured_media":18916,"comment_status":"open","ping_status":"closed","template":"","meta":[],"product_brand":[],"product_cat":[287],"product_tag":[],"class_list":{"0":"post-111353","1":"product","2":"type-product","3":"status-publish","4":"has-post-thumbnail","6":"product_cat-accessories","8":"first","9":"outofstock","10":"shipping-taxable","11":"purchasable","12":"product-type-variable","13":"has-default-attributes","14":"woocommerce-product-gallery--with-variation-gallery product-gallery-placeholder"},"yoast_head":"<!-- This site is optimized with the Yoast SEO plugin v27.4 - https:\/\/yoast.com\/product\/yoast-seo-wordpress\/ -->\n<title>Coastal Paleo Mug (Demo) - Dubs Logistics<\/title>\n<meta name=\"robots\" content=\"index, follow, max-snippet:-1, max-image-preview:large, max-video-preview:-1\" \/>\n<link rel=\"canonical\" href=\"https:\/\/www.dubs.fi\/fi\/tuote\/coastal-paleo-mug\/\" \/>\n<meta property=\"og:locale\" content=\"fi_FI\" \/>\n<meta property=\"og:type\" content=\"article\" \/>\n<meta property=\"og:title\" content=\"Coastal Paleo Mug (Demo) - Dubs Logistics\" \/>\n<meta property=\"og:description\" content=\"With an eye-catching design this item has become an iconic object of contemporary design. A unique piece that can not miss in the best collections.\" \/>\n<meta property=\"og:url\" content=\"https:\/\/www.dubs.fi\/fi\/tuote\/coastal-paleo-mug\/\" \/>\n<meta property=\"og:site_name\" content=\"Dubs Logistics\" \/>\n<meta property=\"article:modified_time\" content=\"2025-09-10T13:43:52+00:00\" \/>\n<meta property=\"og:image\" content=\"https:\/\/www.dubs.fi\/wp-content\/uploads\/2025\/06\/product-placeholder-2-1.jpg\" \/>\n\t<meta property=\"og:image:width\" content=\"1030\" \/>\n\t<meta property=\"og:image:height\" content=\"1290\" \/>\n\t<meta property=\"og:image:type\" content=\"image\/jpeg\" \/>\n<meta name=\"twitter:card\" content=\"summary_large_image\" \/>\n<meta name=\"twitter:label1\" content=\"Arvioitu lukuaika\" \/>\n\t<meta name=\"twitter:data1\" content=\"2 minuuttia\" \/>\n<script type=\"application\/ld+json\" class=\"yoast-schema-graph\">{\"@context\":\"https:\\\/\\\/schema.org\",\"@graph\":[{\"@type\":\"WebPage\",\"@id\":\"https:\\\/\\\/www.dubs.fi\\\/product\\\/coastal-paleo-mug\\\/\",\"url\":\"https:\\\/\\\/www.dubs.fi\\\/product\\\/coastal-paleo-mug\\\/\",\"name\":\"Coastal Paleo Mug (Demo) - Dubs Logistics\",\"isPartOf\":{\"@id\":\"https:\\\/\\\/www.dubs.fi\\\/#website\"},\"primaryImageOfPage\":{\"@id\":\"https:\\\/\\\/www.dubs.fi\\\/product\\\/coastal-paleo-mug\\\/#primaryimage\"},\"image\":{\"@id\":\"https:\\\/\\\/www.dubs.fi\\\/product\\\/coastal-paleo-mug\\\/#primaryimage\"},\"thumbnailUrl\":\"https:\\\/\\\/www.dubs.fi\\\/wp-content\\\/uploads\\\/2025\\\/06\\\/product-placeholder-2-1.jpg\",\"datePublished\":\"2022-05-12T06:33:45+00:00\",\"dateModified\":\"2025-09-10T13:43:52+00:00\",\"breadcrumb\":{\"@id\":\"https:\\\/\\\/www.dubs.fi\\\/product\\\/coastal-paleo-mug\\\/#breadcrumb\"},\"inLanguage\":\"fi\",\"potentialAction\":[{\"@type\":\"ReadAction\",\"target\":[\"https:\\\/\\\/www.dubs.fi\\\/product\\\/coastal-paleo-mug\\\/\"]}]},{\"@type\":\"ImageObject\",\"inLanguage\":\"fi\",\"@id\":\"https:\\\/\\\/www.dubs.fi\\\/product\\\/coastal-paleo-mug\\\/#primaryimage\",\"url\":\"https:\\\/\\\/www.dubs.fi\\\/wp-content\\\/uploads\\\/2025\\\/06\\\/product-placeholder-2-1.jpg\",\"contentUrl\":\"https:\\\/\\\/www.dubs.fi\\\/wp-content\\\/uploads\\\/2025\\\/06\\\/product-placeholder-2-1.jpg\",\"width\":1030,\"height\":1290},{\"@type\":\"BreadcrumbList\",\"@id\":\"https:\\\/\\\/www.dubs.fi\\\/product\\\/coastal-paleo-mug\\\/#breadcrumb\",\"itemListElement\":[{\"@type\":\"ListItem\",\"position\":1,\"name\":\"Home\",\"item\":\"https:\\\/\\\/www.dubs.fi\\\/\"},{\"@type\":\"ListItem\",\"position\":2,\"name\":\"Shop\",\"item\":\"https:\\\/\\\/www.dubs.fi\\\/?page_id=4890\"},{\"@type\":\"ListItem\",\"position\":3,\"name\":\"Coastal Paleo Mug (Demo)\"}]},{\"@type\":\"WebSite\",\"@id\":\"https:\\\/\\\/www.dubs.fi\\\/#website\",\"url\":\"https:\\\/\\\/www.dubs.fi\\\/\",\"name\":\"Dubs Logistics\",\"description\":\"Your First Mile Begins Here\",\"publisher\":{\"@id\":\"https:\\\/\\\/www.dubs.fi\\\/#organization\"},\"potentialAction\":[{\"@type\":\"SearchAction\",\"target\":{\"@type\":\"EntryPoint\",\"urlTemplate\":\"https:\\\/\\\/www.dubs.fi\\\/?s={search_term_string}\"},\"query-input\":{\"@type\":\"PropertyValueSpecification\",\"valueRequired\":true,\"valueName\":\"search_term_string\"}}],\"inLanguage\":\"fi\"},{\"@type\":\"Organization\",\"@id\":\"https:\\\/\\\/www.dubs.fi\\\/#organization\",\"name\":\"Dubs Logistics\",\"url\":\"https:\\\/\\\/www.dubs.fi\\\/\",\"logo\":{\"@type\":\"ImageObject\",\"inLanguage\":\"fi\",\"@id\":\"https:\\\/\\\/www.dubs.fi\\\/#\\\/schema\\\/logo\\\/image\\\/\",\"url\":\"https:\\\/\\\/www.dubs.fi\\\/wp-content\\\/uploads\\\/2025\\\/09\\\/cropped-Dubs-logo-black-1-scaled-1.png\",\"contentUrl\":\"https:\\\/\\\/www.dubs.fi\\\/wp-content\\\/uploads\\\/2025\\\/09\\\/cropped-Dubs-logo-black-1-scaled-1.png\",\"width\":2559,\"height\":855,\"caption\":\"Dubs Logistics\"},\"image\":{\"@id\":\"https:\\\/\\\/www.dubs.fi\\\/#\\\/schema\\\/logo\\\/image\\\/\"}}]}<\/script>\n<!-- \/ Yoast SEO plugin. -->","yoast_head_json":{"title":"Coastal Paleo Mug (Demo) - Dubs Logistics","robots":{"index":"index","follow":"follow","max-snippet":"max-snippet:-1","max-image-preview":"max-image-preview:large","max-video-preview":"max-video-preview:-1"},"canonical":"https:\/\/www.dubs.fi\/fi\/tuote\/coastal-paleo-mug\/","og_locale":"fi_FI","og_type":"article","og_title":"Coastal Paleo Mug (Demo) - Dubs Logistics","og_description":"With an eye-catching design this item has become an iconic object of contemporary design. A unique piece that can not miss in the best collections.","og_url":"https:\/\/www.dubs.fi\/fi\/tuote\/coastal-paleo-mug\/","og_site_name":"Dubs Logistics","article_modified_time":"2025-09-10T13:43:52+00:00","og_image":[{"width":1030,"height":1290,"url":"https:\/\/www.dubs.fi\/wp-content\/uploads\/2025\/06\/product-placeholder-2-1.jpg","type":"image\/jpeg"}],"twitter_card":"summary_large_image","twitter_misc":{"Arvioitu lukuaika":"2 minuuttia"},"schema":{"@context":"https:\/\/schema.org","@graph":[{"@type":"WebPage","@id":"https:\/\/www.dubs.fi\/product\/coastal-paleo-mug\/","url":"https:\/\/www.dubs.fi\/product\/coastal-paleo-mug\/","name":"Coastal Paleo Mug (Demo) - Dubs Logistics","isPartOf":{"@id":"https:\/\/www.dubs.fi\/#website"},"primaryImageOfPage":{"@id":"https:\/\/www.dubs.fi\/product\/coastal-paleo-mug\/#primaryimage"},"image":{"@id":"https:\/\/www.dubs.fi\/product\/coastal-paleo-mug\/#primaryimage"},"thumbnailUrl":"https:\/\/www.dubs.fi\/wp-content\/uploads\/2025\/06\/product-placeholder-2-1.jpg","datePublished":"2022-05-12T06:33:45+00:00","dateModified":"2025-09-10T13:43:52+00:00","breadcrumb":{"@id":"https:\/\/www.dubs.fi\/product\/coastal-paleo-mug\/#breadcrumb"},"inLanguage":"fi","potentialAction":[{"@type":"ReadAction","target":["https:\/\/www.dubs.fi\/product\/coastal-paleo-mug\/"]}]},{"@type":"ImageObject","inLanguage":"fi","@id":"https:\/\/www.dubs.fi\/product\/coastal-paleo-mug\/#primaryimage","url":"https:\/\/www.dubs.fi\/wp-content\/uploads\/2025\/06\/product-placeholder-2-1.jpg","contentUrl":"https:\/\/www.dubs.fi\/wp-content\/uploads\/2025\/06\/product-placeholder-2-1.jpg","width":1030,"height":1290},{"@type":"BreadcrumbList","@id":"https:\/\/www.dubs.fi\/product\/coastal-paleo-mug\/#breadcrumb","itemListElement":[{"@type":"ListItem","position":1,"name":"Home","item":"https:\/\/www.dubs.fi\/"},{"@type":"ListItem","position":2,"name":"Shop","item":"https:\/\/www.dubs.fi\/?page_id=4890"},{"@type":"ListItem","position":3,"name":"Coastal Paleo Mug (Demo)"}]},{"@type":"WebSite","@id":"https:\/\/www.dubs.fi\/#website","url":"https:\/\/www.dubs.fi\/","name":"Dubs Logistics","description":"Ensimm\u00e4inen mailisi alkaa t\u00e4\u00e4lt\u00e4","publisher":{"@id":"https:\/\/www.dubs.fi\/#organization"},"potentialAction":[{"@type":"SearchAction","target":{"@type":"EntryPoint","urlTemplate":"https:\/\/www.dubs.fi\/?s={search_term_string}"},"query-input":{"@type":"PropertyValueSpecification","valueRequired":true,"valueName":"search_term_string"}}],"inLanguage":"fi"},{"@type":"Organization","@id":"https:\/\/www.dubs.fi\/#organization","name":"Dubs Logistics","url":"https:\/\/www.dubs.fi\/","logo":{"@type":"ImageObject","inLanguage":"fi","@id":"https:\/\/www.dubs.fi\/#\/schema\/logo\/image\/","url":"https:\/\/www.dubs.fi\/wp-content\/uploads\/2025\/09\/cropped-Dubs-logo-black-1-scaled-1.png","contentUrl":"https:\/\/www.dubs.fi\/wp-content\/uploads\/2025\/09\/cropped-Dubs-logo-black-1-scaled-1.png","width":2559,"height":855,"caption":"Dubs Logistics"},"image":{"@id":"https:\/\/www.dubs.fi\/#\/schema\/logo\/image\/"}}]}},"_links":{"self":[{"href":"https:\/\/www.dubs.fi\/fi\/wp-json\/wp\/v2\/product\/111353","targetHints":{"allow":["GET"]}}],"collection":[{"href":"https:\/\/www.dubs.fi\/fi\/wp-json\/wp\/v2\/product"}],"about":[{"href":"https:\/\/www.dubs.fi\/fi\/wp-json\/wp\/v2\/types\/product"}],"replies":[{"embeddable":true,"href":"https:\/\/www.dubs.fi\/fi\/wp-json\/wp\/v2\/comments?post=111353"}],"version-history":[{"count":0,"href":"https:\/\/www.dubs.fi\/fi\/wp-json\/wp\/v2\/product\/111353\/revisions"}],"wp:featuredmedia":[{"embeddable":true,"href":"https:\/\/www.dubs.fi\/fi\/wp-json\/wp\/v2\/media\/18916"}],"wp:attachment":[{"href":"https:\/\/www.dubs.fi\/fi\/wp-json\/wp\/v2\/media?parent=111353"}],"wp:term":[{"taxonomy":"product_brand","embeddable":true,"href":"https:\/\/www.dubs.fi\/fi\/wp-json\/wp\/v2\/product_brand?post=111353"},{"taxonomy":"product_cat","embeddable":true,"href":"https:\/\/www.dubs.fi\/fi\/wp-json\/wp\/v2\/product_cat?post=111353"},{"taxonomy":"product_tag","embeddable":true,"href":"https:\/\/www.dubs.fi\/fi\/wp-json\/wp\/v2\/product_tag?post=111353"}],"curies":[{"name":"wp","href":"https:\/\/api.w.org\/{rel}","templated":true}]}}